{"id":2,"date":"2021-01-04T10:15:43","date_gmt":"2021-01-04T09:15:43","guid":{"rendered":"https:\/\/www.philodex.com\/lit\/?page_id=2"},"modified":"2021-03-30T20:02:52","modified_gmt":"2021-03-30T18:02:52","slug":"beispiel-seite","status":"publish","type":"page","link":"https:\/\/www.philodex.com\/lit\/","title":{"rendered":"Vorwort"},"content":{"rendered":"<p>Ich beschreibe auf diesen Seiten philosophische Betrachtungsweisen menschlicher Gef\u00fchle und Empfindungen, wiedergegeben an Hand von selbst Erlebtem, das Aufzeigen von Fehlern und Verfehlungen, Schw\u00e4chen und St\u00e4rken die gebraucht und mi\u00dfbraucht werden, samt der demoralisierenden Erkenntnis wie Menschen Macht aus\u00fcben, und wie instinktgleiche Wesensz\u00fcge wirken, wenn sie auf menschliche Intelligenz treffen.<\/p>\n<p>Ein Blickwinkel zu einer Lehre zur Selbstfindung emotionaler Regungen die sich im Perfektionismus der Natur widerspiegeln, erkl\u00e4rt durch vergleichende Synergien an \u00e4quivalenten Gegenst\u00fccken aus der Evolution samt implizierten Gedanken zu L\u00f6sungsans\u00e4tzen.<\/p>\n<p>Des Weiteren Texte \u00fcber gastronomisches, verfasst in literarischer Form, Prosa, gereimt und punktuell, aber auch Philosophisches, Humorvolles, G\u2019scheites, selbst Erlebtes, Dieses, Jenes, und Anderes das ich schrieb, weil ich gerne schreibe wie z. B.:.<\/p>\n<ul>\n<li>Philosophische Betrachtungs- und menschliche Verhaltensweisen, Paraphrasen, Antipode und Splitter<\/li>\n<li>Gedichte zu den Themen: Klassik, Poesie, Zynismus, Emotionales, Kaffeehaus und Allerlei anderes<\/li>\n<li>Verhaltensverordnung f\u00fcr f\u00fcr ausl\u00e4ndische Besucher in einem Wiener Kaffeehaus<\/li>\n<li>Pr\u00fcfung zum Hr. Ober f\u00fcr ein Wiener Kaffehaus<\/li>\n<li>Was ist Gastronomie? aus der Sicht des Hrn. Ober beantwortet<\/li>\n<li>\u2026<\/li>\n<\/ul>\n<p><strong>Publikationen<\/strong><\/p>\n<ul>\n<li>Berichte und Artikel \u00fcber die Gastronomie im \u201cNoblesse\u201d Magazin<\/li>\n<li>Werbetexte<\/li>\n<li>Produktbeschreibungen<\/li>\n<li>Wortdefinitionen<\/li>\n<li>Gedichte<\/li>\n<li>\u2026<\/li>\n<\/ul>\n","protected":false},"excerpt":{"rendered":"<p>Ich beschreibe auf diesen Seiten philosophische Betrachtungsweisen menschlicher Gef\u00fchle und Empfindungen, wiedergegeben an Hand von selbst Erlebtem, das Aufzeigen von Fehlern und Verfehlungen, Schw\u00e4chen und St\u00e4rken die gebraucht und mi\u00dfbraucht werden, samt der demoralisierenden Erkenntnis wie Menschen Macht aus\u00fcben, und wie instinktgleiche Wesensz\u00fcge wirken, wenn sie auf menschliche Intelligenz treffen. Ein Blickwinkel zu einer Lehre &hellip; <a href=\"https:\/\/www.philodex.com\/lit\/\" class=\"more-link\"><span class=\"screen-reader-text\">\u201eVorwort\u201c<\/span> weiterlesen<\/a><\/p>\n","protected":false},"author":1,"featured_media":0,"parent":0,"menu_order":0,"comment_status":"closed","ping_status":"open","template":"","meta":{"_monsterinsights_skip_tracking":false,"_monsterinsights_sitenote_active":false,"_monsterinsights_sitenote_note":"","_monsterinsights_sitenote_category":0,"footnotes":""},"class_list":["post-2","page","type-page","status-publish","hentry"],"aioseo_notices":[],"jetpack_sharing_enabled":true,"jetpack_likes_enabled":true,"_links":{"self":[{"href":"https:\/\/www.philodex.com\/lit\/wp-json\/wp\/v2\/pages\/2","targetHints":{"allow":["GET"]}}],"collection":[{"href":"https:\/\/www.philodex.com\/lit\/wp-json\/wp\/v2\/pages"}],"about":[{"href":"https:\/\/www.philodex.com\/lit\/wp-json\/wp\/v2\/types\/page"}],"author":[{"embeddable":true,"href":"https:\/\/www.philodex.com\/lit\/wp-json\/wp\/v2\/users\/1"}],"replies":[{"embeddable":true,"href":"https:\/\/www.philodex.com\/lit\/wp-json\/wp\/v2\/comments?post=2"}],"version-history":[{"count":6,"href":"https:\/\/www.philodex.com\/lit\/wp-json\/wp\/v2\/pages\/2\/revisions"}],"predecessor-version":[{"id":9923,"href":"https:\/\/www.philodex.com\/lit\/wp-json\/wp\/v2\/pages\/2\/revisions\/9923"}],"wp:attachment":[{"href":"https:\/\/www.philodex.com\/lit\/wp-json\/wp\/v2\/media?parent=2"}],"curies":[{"name":"wp","href":"https:\/\/api.w.org\/{rel}","templated":true}]}}