{"id":10400,"date":"2022-08-05T11:08:06","date_gmt":"2022-08-05T09:08:06","guid":{"rendered":"https:\/\/www.philodex.com\/shop\/?page_id=10400"},"modified":"2026-04-05T11:57:55","modified_gmt":"2026-04-05T09:57:55","slug":"nutzungshinweise","status":"publish","type":"page","link":"https:\/\/www.philodex.com\/shop\/nutzungshinweise\/","title":{"rendered":"Nutzungshinweise"},"content":{"rendered":"<h2>Was sind PX-eBooks?<\/h2>\n<p>&nbsp;<\/p>\n<p>PX-eBooks sind kurze, pr\u00e4zise Fachtexte im PDF-, Word-, Excel- und PPT-Format. Sie konzentrieren sich auf das Wesentliche und bieten klare Orientierung ohne unn\u00f6tige Ausschweifungen. Jedes Dokument l\u00e4sst sich sofort \u00f6ffnen, leicht speichern und auf allen Ger\u00e4ten bequem lesen \u2013 ideal f\u00fcr Menschen, die schnell Klarheit brauchen und ihr Wissen gezielt erweitern m\u00f6chten.<\/p>\n<p>&nbsp;<\/p>\n<h4>Genderkonformit\u00e4t<\/h4>\n<p>Zur besseren Lesbarkeit wird in diesem PX-eBook auf eine durchgehende geschlechtsneutrale Schreibweise verzichtet. S\u00e4mtliche Personenbezeichnungen beziehen sich gleicherma\u00dfen auf weibliche wie m\u00e4nnliche Mitarbeitende und sind ausdr\u00fccklich geschlechtsunabh\u00e4ngig zu verstehen.<\/p>\n<p>&nbsp;<\/p>\n<h4>Transparenz\u2011Hinweis<\/h4>\n<p>Die PX-eBooks wurden unter Verwendung KI\u2011gest\u00fctzter Schreib- und Recherchewerkzeuge erstellt. Die KI diente ausschliesslich als Unterst\u00fctzung bei Formulierungen, Strukturierung und Ideenentwicklung. Alle Inhalte wurden vom Autor gepr\u00fcft, redaktionell \u00fcberarbeitet und fachlich verantwortet. Die endg\u00fcltige Fassung dieses Buches ist die alleinige Arbeit und Verantwortung des Autors.<\/p>\n<p>&nbsp;<\/p>\n<h4>Hinweis\/Haftungsausschluss<\/h4>\n<p>Alle Inhalte der PX-eBooks wurden mit gr\u00f6\u00dfter Sorgfalt erstellt. Dennoch kann ich keine Gew\u00e4hr f\u00fcr die Richtigkeit, Vollst\u00e4ndigkeit oder Aktualit\u00e4t der Angaben \u00fcbernehmen. <em><strong>Verbindliche Aussagen und individuelle Empfehlungen k\u00f6nnen ausschlie\u00dflich im Rahmen einer pers\u00f6nlichen Beratung erfolgen.<\/strong><\/em><\/p>\n<p>F\u00fcr eventuelle Fehler in Excel\u2011Dateien oder daraus resultierende fehlerhafte Berechnungen \u00fcbernehme ich keine Haftung. Hinweise auf Unklarheiten oder Verbesserungspotenzial nehme ich jedoch jederzeit dankbar entgegen, da sie zur laufenden Optimierung der Unterlagen beitragen.<\/p>\n<p>&nbsp;<\/p>\n<p>\u00a9 Copyright 2025 Walter Sperger, PhiloDex Consult<br \/>\nAll rights reserved<\/p>\n","protected":false},"excerpt":{"rendered":"<p>Was sind PX-eBooks? &nbsp; PX-eBooks sind kurze, pr\u00e4zise Fachtexte im PDF-, Word-, Excel- und PPT-Format. Sie konzentrieren sich auf das Wesentliche und bieten klare Orientierung ohne unn\u00f6tige Ausschweifungen. Jedes Dokument l\u00e4sst sich sofort \u00f6ffnen, leicht&hellip;<\/p>\n","protected":false},"author":1,"featured_media":0,"parent":0,"menu_order":0,"comment_status":"closed","ping_status":"closed","template":"","meta":{"footnotes":""},"class_list":["post-10400","page","type-page","status-publish","hentry"],"aioseo_notices":[],"jetpack_sharing_enabled":true,"jetpack_likes_enabled":true,"_links":{"self":[{"href":"https:\/\/www.philodex.com\/shop\/wp-json\/wp\/v2\/pages\/10400","targetHints":{"allow":["GET"]}}],"collection":[{"href":"https:\/\/www.philodex.com\/shop\/wp-json\/wp\/v2\/pages"}],"about":[{"href":"https:\/\/www.philodex.com\/shop\/wp-json\/wp\/v2\/types\/page"}],"author":[{"embeddable":true,"href":"https:\/\/www.philodex.com\/shop\/wp-json\/wp\/v2\/users\/1"}],"replies":[{"embeddable":true,"href":"https:\/\/www.philodex.com\/shop\/wp-json\/wp\/v2\/comments?post=10400"}],"version-history":[{"count":10,"href":"https:\/\/www.philodex.com\/shop\/wp-json\/wp\/v2\/pages\/10400\/revisions"}],"predecessor-version":[{"id":12527,"href":"https:\/\/www.philodex.com\/shop\/wp-json\/wp\/v2\/pages\/10400\/revisions\/12527"}],"wp:attachment":[{"href":"https:\/\/www.philodex.com\/shop\/wp-json\/wp\/v2\/media?parent=10400"}],"curies":[{"name":"wp","href":"https:\/\/api.w.org\/{rel}","templated":true}]}}