{"id":3,"date":"2021-01-04T10:15:43","date_gmt":"2021-01-04T09:15:43","guid":{"rendered":"https:\/\/www.philodex.com\/shop\/?page_id=3"},"modified":"2026-03-04T11:25:02","modified_gmt":"2026-03-04T10:25:02","slug":"dsgvo","status":"publish","type":"page","link":"https:\/\/www.philodex.com\/shop\/dsgvo\/","title":{"rendered":"DSGVO"},"content":{"rendered":"<h2>Datenschutzrichtlinie<\/h2>\n<p><strong>Wenn Sie die Datenschutzhinweise mit &#8222;NEIN\/NO&#8220; beantwortet haben, die Seite dennoch nutzen, erkl\u00e4ren Sie sich mit den Datenschutzrichtlinien einverstanden und stimmen der Verwendung der f\u00fcr die Funktion der Webseite notwendigen Cookies zu.<\/strong><\/p>\n<p>Um die Funktionen der Webseite in vollem Umfang zu gew\u00e4hrleisten, klicken Sie rechts unten auf &#8222;Cookie Settings&#8220; und akzeptieren Sie Cookies.<strong><br \/>\n<\/strong><\/p>\n<p>Die Einhaltung der geltenden gesetzlichen Bestimmungen zum Schutz personenbezogener Daten ist f\u00fcr uns selbstverst\u00e4ndlich. Gem\u00e4\u00df Datenschutzgesetz sind personenbezogene Daten Informationen, die genutzt werden k\u00f6nnen, um die Identit\u00e4t von Web-Benutzern zu erfahren. Darunter fallen Informationen wie Name, Adresse, Postanschrift, Telefonnummer etc. S\u00e4mtliche Informationen, die nicht direkt mit der tats\u00e4chlichen Identit\u00e4t des Benutzers in Verbindung gebracht werden k\u00f6nnen, fallen somit nicht darunter. Bei Bedarf und sofern Sie einen personalisierten, interaktiven bzw. wenn Sie den Mail-Dienst auf unserer Website verwenden, erfassen wir von Ihnen pers\u00f6nliche Informationen. Wir verwenden diese personenbezogenen Daten nur innerhalb unseres Unternehmens. Diese Daten werden nicht an Dritte weitergegeben, es sei denn, dies ist zur Vertragserf\u00fcllung erforderlich oder wir werden gesetzlich dazu verpflichtet. Unsere Internetseiten verwenden an mehreren Stellen so genannte Cookies. Cookies sind kleine Textdateien, die auf Ihrem Rechner abgelegt werden und die Ihr Browser speichert. Sie dienen dazu, unser Angebot nutzerfreundlicher, effektiver und sicherer zu machen. Des Weiteren erm\u00f6glichen Cookies unseren Systemen, Ihren Browser zu erkennen und Ihnen personalisierte Services anzubieten.<\/p>\n<h4>Wer wir sind<\/h4>\n<p>Die Adressen unserer Website sind: https:\/\/www.philodex.com, https:\/\/www.philodex.com\/shop samt allen Subdomainen.<\/p>\n<h4>Zugriffsdaten\/Server-Logfiles<\/h4>\n<p>Der Provider unserer Webseite (www.df.eu) erhebt Daten \u00fcber jeden Zugriff auf das Angebot (so genannte Serverlogfiles). Zu den Zugriffsdaten geh\u00f6ren:<\/p>\n<p>Name der abgerufenen Webseite, Datei, Datum und Uhrzeit des Abrufs, \u00fcbertragene Datenmenge, Meldung \u00fcber erfolgreichen Abruf, Browsertyp nebst Version, das Betriebssystem des Nutzers, Referrer URL (die zuvor besuchte Seite), IP-Adresse und der anfragende Provider.<\/p>\n<p>Der Provider verwendet die Protokolldaten nur f\u00fcr statistische Auswertungen zum Zweck des Betriebs, der Sicherheit und der Optimierung des Angebotes. Der Anbieter beh\u00e4lt sich jedoch vor, die Protokolldaten nachtr\u00e4glich zu \u00fcberpr\u00fcfen, wenn aufgrund konkreter Anhaltspunkte der berechtigte Verdacht einer rechtswidrigen Nutzung besteht.<\/p>\n<p>Personenbezogene Daten sind Informationen, mit deren Hilfe eine Person bestimmbar ist, also Angaben, die zur\u00fcck zu einer Person verfolgt werden k\u00f6nnen. Dazu geh\u00f6rt der Name, die E-Mail-Adresse oder die Telefonnummer. Aber auch Daten \u00fcber Vorlieben, Hobbys, Mitgliedschaften oder welche Webseiten von jemandem angesehen wurden z\u00e4hlen zu personenbezogenen Daten.<\/p>\n<p>Personenbezogene Daten werden vom Provider nur dann erhoben, genutzt und weitergegeben, wenn dies gesetzlich erlaubt ist oder die Nutzer in die Datenerhebung einwilligen.<\/p>\n<h4>Kommentare<\/h4>\n<p>Wenn Besucher Kommentare auf der Website schreiben, sammeln wir die im Kommentar-Formular angezeigten Daten, die IP-Adresse des Besuchers sowie den User-Agent-String (damit wird der Browser identifiziert), um Spam zu erkennen.<\/p>\n<p>Aus deiner E-Mail-Adresse kann eine anonymisierte Zeichenfolge erstellt (auch Hash genannt) und dem Gravatar-Dienst \u00fcbergeben werden, um zu pr\u00fcfen, ob Sie diesen benutzt. Die Datenschutzerkl\u00e4rung des Gravatar-Dienstes findest Sie hier: <a href=\"https:\/\/automattic.com\/privacy\/\" target=\"_blank\" rel=\"noopener\">https:\/\/automattic.com\/privacy\/<\/a>. Nachdem dein Kommentar freigegeben wurde, ist dein Profilbild \u00f6ffentlich im Kontext deines Kommentars sichtbar.<\/p>\n<h4>Medien<\/h4>\n<p>Wenn Sie registrierter Benutzer sind und Fotos auf diese Website l\u00e4sten, sollten Sie vermeiden, Fotos mit einem EXIF-GPS-Standort hochzuladen. Besucher dieser Website k\u00f6nnten Fotos, die auf dieser Website gespeichert sind, herunterladen und deren Standort-Informationen extrahieren.<\/p>\n<h4>Kontaktformulare<\/h4>\n<p>Wenn Sie ein Kontaktformular ausf\u00fcllen und absenden, werden die darin enthaltenen Daten gespeichert und nach 6 Monaten vollst\u00e4ndig gel\u00f6scht.<\/p>\n<h4>Cookies<\/h4>\n<p>Cookies sind kleine Dateien, die es erm\u00f6glichen, auf dem Zugriffsger\u00e4t der Nutzer (PC, Smartphone o.\u00c4.) spezifische, auf das Ger\u00e4t bezogene Informationen zu speichern. Sie dienen zum einen der Benutzerfreundlichkeit von Webseiten und damit den Nutzern (z.B. Speicherung von Logindaten). Zum anderen dienen sie dazu, die statistischen Daten der Webseitennutzung zu erfassen und sie zwecks Verbesserung des Angebotes analysieren zu k\u00f6nnen. Die Nutzer k\u00f6nnen auf den Einsatz der Cookies Einfluss nehmen. Die meisten Browser verf\u00fcgen \u00fcber eine Option, mit der das Speichern von Cookies eingeschr\u00e4nkt oder komplett verhindert wird. Allerdings wird darauf hingewiesen, dass die Nutzung und insbesondere der Nutzungskomfort ohne Cookies eingeschr\u00e4nkt werden.<\/p>\n<p>Sie k\u00f6nnen viele Online-Anzeigen-Cookies von Unternehmen \u00fcber die US-amerikanische Seite http:\/\/www.aboutads.info\/choices\/ oder die EU-Seite http:\/\/www.youronlinechoices.com\/uk\/your-ad-choices\/ verwalten.<\/p>\n<p>Wenn Sie einen Kommentar auf unserer Website schreiben, kann das eine Einwilligung sein, deinen Namen, E-Mail-Adresse und Website in Cookies zu speichern. Dies ist eine Komfortfunktion, damit Sie nicht, wenn Sie einen weiteren Kommentar schreiben, all diese Daten erneut eingeben m\u00fcssen. Diese Cookies werden ein Jahr lang gespeichert.<\/p>\n<p>Falls Sie ein Konto haben und sich auf dieser Website anmeldest, werden wir ein tempor\u00e4res Cookie setzen, um festzustellen, ob dein Browser Cookies akzeptiert. Dieses Cookie enth\u00e4lt keine personenbezogenen Daten und wird verworfen, wenn du deinen Browser schlie\u00dft.<\/p>\n<p>Wenn Sie dich anmeldest, werden wir einige Cookies einrichten, um deine Anmeldeinformationen und Anzeigeoptionen zu speichern. Anmelde-Cookies verfallen nach zwei Tagen und Cookies f\u00fcr die Anzeigeoptionen nach einem Jahr. Falls du bei der Anmeldung \u201eAngemeldet bleiben\u201c ausw\u00e4hlst, wird deine Anmeldung zwei Wochen lang aufrechterhalten. Mit der Abmeldung aus deinem Konto werden die Anmelde-Cookies gel\u00f6scht.<\/p>\n<p>Wenn Sie einen Artikel bearbeitet oder ver\u00f6ffentlicht, wird ein zus\u00e4tzlicher Cookie in Ihrem Browser gespeichert. Dieser Cookie enth\u00e4lt keine personenbezogenen Daten und verweist nur auf die Beitrags-ID des Artikels, den Sie gerade bearbeitet haben. Der Cookie verf\u00e4llt nach einem Tag.<\/p>\n<h4>Eingebettete Inhalte von anderen Websites<\/h4>\n<p>Beitr\u00e4ge auf dieser Website k\u00f6nnen eingebettete Inhalte beinhalten (z.\u00a0B. Videos, Bilder, Beitr\u00e4ge etc.). Eingebettete Inhalte von anderen Websites verhalten sich exakt so, als ob der Besucher die andere Website besucht h\u00e4tte.<\/p>\n<p>Diese Websites k\u00f6nnen Daten \u00fcber dich sammeln, Cookies benutzen, zus\u00e4tzliche Tracking-Dienste von Dritten einbetten und deine Interaktion mit diesem eingebetteten Inhalt aufzeichnen, inklusive deiner Interaktion mit dem eingebetteten Inhalt, falls Sie ein Konto haben und auf dieser Website angemeldet sind.<\/p>\n<p>Es kann vorkommen, dass innerhalb dieses Onlineangebotes Inhalte Dritter, wie zum Beispiel Videos von YouTube, Kartenmaterial von Google-Maps, RSS-Feeds oder Grafiken von anderen Webseiten eingebunden werden. Dies setzt immer voraus, dass die Anbieter dieser Inhalte (nachfolgend bezeichnet als \u201cDritt-Anbieter\u201d) die IP-Adresse der Nutzer wahrnehmen. Denn ohne die IP-Adresse k\u00f6nnten sie die Inhalte nicht an den Browser des jeweiligen Nutzers senden. Die IP-Adresse ist damit f\u00fcr die Darstellung dieser Inhalte erforderlich. Wir bem\u00fchen uns nur solche Inhalte zu verwenden, deren jeweilige Anbieter die IP-Adresse lediglich zur Auslieferung der Inhalte verwenden. Jedoch haben wir keinen Einfluss darauf, falls die Dritt-Anbieter die IP-Adresse z.B. f\u00fcr statistische Zwecke speichern. Soweit dies uns bekannt ist, kl\u00e4ren wir die Nutzer dar\u00fcber auf.<\/p>\n<h4>Mit wem wir deine Daten teilen<\/h4>\n<p>Wenn Sie eine Zur\u00fccksetzung des Passworts beantragen, wird Ihre IP-Adresse in der E-Mail zur Zur\u00fccksetzung enthalten sein.<\/p>\n<h4>Wie lange wir deine Daten speichern<\/h4>\n<p>Wenn Sie einen Kommentar schreiben, wird dieser inklusive Metadaten zeitlich unbegrenzt gespeichert. Auf diese Art k\u00f6nnen wir Folgekommentare automatisch erkennen und freigeben, anstatt sie in einer Moderations-Warteschlange festzuhalten.<\/p>\n<p>F\u00fcr Benutzer, die sich auf unserer Website registrieren, speichern wir zus\u00e4tzlich die pers\u00f6nlichen Informationen, die sie in ihren Benutzerprofilen angeben. Alle Benutzer k\u00f6nnen jederzeit ihre pers\u00f6nlichen Informationen einsehen, ver\u00e4ndern oder l\u00f6schen (der Benutzername kann nicht ver\u00e4ndert werden). Administratoren der Website k\u00f6nnen diese Informationen ebenfalls einsehen und ver\u00e4ndern.<\/p>\n<h4>Welche Rechte Sie an deinen Daten hast<\/h4>\n<p>Wenn Sie ein Konto auf dieser Website besitzen oder Kommentare geschrieben haben, k\u00f6nnen Sie einen Export deiner personenbezogenen Daten bei uns anfordern, inklusive aller Daten, die Sie uns mitgeteilt haben. Dar\u00fcber hinaus kannst du die L\u00f6schung aller personenbezogenen Daten, die wir von dir gespeichert haben, anfordern. Dies umfasst nicht die Daten, die wir aufgrund administrativer, rechtlicher oder sicherheitsrelevanter Notwendigkeiten aufbewahren m\u00fcssen. Sie haben das Recht zu erfahren, welche personenbezogenen Daten gesammelt wurden. Bei Fragen wenden Sie sich bitte an ws@philodex.com.<\/p>\n<h4>Widerruf, \u00c4nderungen, Berichtigungen und Aktualisierungen<\/h4>\n<p>Der Nutzer hat das Recht, auf Antrag unentgeltlich Auskunft zu erhalten \u00fcber die personenbezogenen Daten, die \u00fcber ihn gespeichert wurden. Zus\u00e4tzlich hat der Nutzer das Recht auf Berichtigung unrichtiger Daten, Sperrung und L\u00f6schung seiner personenbezogenen Daten, soweit dem keine gesetzliche Aufbewahrungspflicht entgegensteht.<\/p>\n<h4>Wohin wir deine Daten senden<\/h4>\n<p>Besucher-Kommentare k\u00f6nnten von einem automatisierten Dienst zur Spam-Erkennung untersucht werden.<\/p>\n<h4>Sprachversionen<\/h4>\n<p>PhiloDex verwendet WPML. Diese Software verwendet Cookies zur Feststellung der aktuellen Sprache des Besuchers, der zuletzt besuchten Sprache und der Sprache der Benutzer, die sich eingeloggt haben. W\u00e4hrend Sie das Plugin verwenden, wird WPML die Daten bez\u00fcglich der Seite \u00fcber den Installer teilen. Dabei werden keine Daten vom Benutzer selbst geteilt.<\/p>\n<p>WPML Media Translation wird die E-Mail-Adresse und den Namen jedes Managers, des zugeteilten \u00dcbersetzers sowie den Inhalt selbst an den erweiterten Translation Editor und die beauftragten \u00dcbersetzungsdienste senden.<\/p>\n<p>WPML Translation Management wird die E-Mail-Adresse und den Namen jedes Managers sowie des zugeordneten \u00dcbersetzers und den Inhalt selbst an den erweiterten Translation Editor und die eingesetzten \u00dcbersetzungsdienste senden.<\/p>\n<p>WPML String Translation wird alle Strings an WPMLs erweiterten Translation Editor und an die eingesetzten \u00dcbersetzungsdienste senden.<\/p>\n<h4>Was wir sammeln und speichern<\/h4>\n<p>W\u00e4hrend Sie unsere Website besuchst, zeichnen wir auf:<\/p>\n<ul>\n<li>Angesehene Produkte: Hier zeigen wir dir Produkte, die Sie vor Kurzem angesehen haben.<\/li>\n<li>Standort, IP-Adresse und Browser-Typ: Wir verwenden dies f\u00fcr Zwecke wie die Sch\u00e4tzung von Steuern und Versandkosten<\/li>\n<li>Versandadresse: Wir werden dich auffordern, diese anzugeben, um beispielsweise die Versandkosten bestimmen zu k\u00f6nnen, bevor Sie eine Bestellung aufgeben, und dir die Bestellung zusenden zu k\u00f6nnen.<\/li>\n<\/ul>\n<p>Wir nutzen auch Cookies, um den Inhalt deines Warenkorbs zu verfolgen, w\u00e4hrend Sie unsere Website besuchen.<\/p>\n<p>Wenn Sie bei uns einkaufen, werden wir Sie auffordern, Informationen wie Ihren Namen, Ihre Rechnungs- und Versandadresse, Ihre E-Mail-Adresse und Ihre Telefonnummer, Kreditkartendaten\/Zahlungsdetails sowie optionale Kontoinformationen wie Benutzername und Kennwort anzugeben. Wir nutzen diese Informationen f\u00fcr folgende Zwecke:<\/p>\n<ul>\n<li>Zusenden von Informationen \u00fcber dein Konto und Bestellung<\/li>\n<li>Antwort auf deine Anfragen, inklusive Erstattungen und Beschwerden<\/li>\n<li>Bearbeitung von Zahlungsvorg\u00e4ngen und Verhinderung von Betrug<\/li>\n<li>Richte dein Konto f\u00fcr unseren Shop ein<\/li>\n<li>Einhaltung aller rechtlichen Verpflichtungen, beispielsweise die Steuerberechnung<\/li>\n<li>Verbesserung unserer Shop-Angebote<\/li>\n<li>Senden von Marketing-Nachrichten, wenn Sie diese erhalten m\u00f6chtest<\/li>\n<\/ul>\n<p>Wenn Sie ein Konto bei uns erstellen, speichern wir deinen Namen, deine Adresse, deine E-Mail-Adresse und deine Telefonnummer. Diese Angaben werden bei k\u00fcnftigen Bestellungen zum Ausf\u00fcllen der Bezahlinformationen verwendet.<\/p>\n<p>Wir speichern Informationen \u00fcber dich \u00fcblicherweise so lange, wie wir sie f\u00fcr den Zweck der Erfassung und Nutzung ben\u00f6tigen und verpflichtet sind, sie zu speichern. Beispielsweise speichern wir Bestellinformationen f\u00fcr 7 Jahre aus Steuer- und Abrechnungsgr\u00fcnden. Dazu geh\u00f6ren Ihr Name, Ihre E-Mail-Adresse sowie Ihre Rechnungs- und Versandadresse.<\/p>\n<p>Wir speichern auch Kommentare oder Rezensionen, wenn Sie sich dazu entscheiden, diese zu hinterlassen.<\/p>\n<h4>Wer aus unserem Team hat Zugang<\/h4>\n<p>Mitglieder unseres Teams haben Zugang zu den Informationen, die Sie uns zur Verf\u00fcgung stellen. Zum Beispiel k\u00f6nnen sowohl Administratoren als auch Shop-Manager auf Folgendes zugreifen:<\/p>\n<ul>\n<li>Bestellinformationen wie gekaufte Produkte, der Zeitpunkt des Kaufs sowie die Versandadresse und<\/li>\n<li>Kundeninformationen wie dein Name, E-Mail-Adresse sowie Rechnungs- und Versandinformationen.<\/li>\n<\/ul>\n<p>Unsere Teammitglieder haben Zugriff auf diese Informationen, um Bestellungen zu bearbeiten, R\u00fcckerstattungen vorzunehmen und Dich zu unterst\u00fctzen.<\/p>\n<h4>Was wir mit anderen teilen<\/h4>\n<p>Wir teilen Informationen mit Dritten, die uns helfen, dir unsere Bestellungen und Dienstleistungen anzubieten.<\/p>\n<h4>Zahlungen<\/h4>\n<p>Wir akzeptieren Zahlungen mit PayPal. Bei der Zahlungsabwicklung werden einige deiner Daten an PayPal weitergegeben. Hierbei werden ausschlie\u00dflich erforderliche Informationen f\u00fcr die Verarbeitung oder Durchf\u00fchrung der Zahlung weitergegeben wie beispielsweise Gesamtkaufpreis und Zahlungsinformationen.<\/p>\n<p>Hier k\u00f6nnen Sie sich die <a href=\"https:\/\/www.paypal.com\/us\/webapps\/mpp\/ua\/privacy-full\">PayPal-Datenschutzerkl\u00e4rung<\/a> ansehen.<\/p>\n<h4>Google<\/h4>\n<p>Diese Website benutzt Google Analytics, einen Webanalysedienst der Google Inc. Google Analytics verwendet sog. \u201eCookies\u201c, Textdateien, die auf Ihrem Computer gespeichert werden und die eine Analyse der Benutzung der Website durch Sie erm\u00f6glichen. Ebenso benutzt diese Webseite Google Fonts. Die durch die Cookies erzeugten Informationen \u00fcber Ihre Benutzung dieser Website (einschlie\u00dflich Ihrer IP-Adresse) werden an einen Server von Google in den USA \u00fcbertragen und dort gespeichert.<\/p>\n<p>Google wird diese Informationen benutzen, um Ihre Nutzung der Website auszuwerten, um Reports \u00fcber die Websiteaktivit\u00e4ten f\u00fcr die Websitebetreiber zusammenzustellen und um weitere mit der Websitenutzung und der Internetnutzung verbundene Dienstleistungen zu erbringen. Auch wird Google diese Informationen gegebenenfalls an Dritte \u00fcbertragen, sofern dies gesetzlich vorgeschrieben oder soweit Dritte diese Daten im Auftrag von Google verarbeiten. Google wird in keinem Fall Ihre IP-Adresse mit anderen Daten von Google in Verbindung bringen. Sie k\u00f6nnen die Installation der Cookies durch eine entsprechende Einstellung Ihrer Browser-Software verhindern; wir weisen Sie jedoch darauf hin, dass Sie in diesem Fall gegebenenfalls nicht s\u00e4mtliche Funktionen dieser Website vollumf\u00e4nglich nutzen k\u00f6nnen. Durch die Nutzung dieser Website erkl\u00e4ren Sie sich mit der Bearbeitung der \u00fcber Sie erhobenen Daten durch Google in der zuvor beschriebenen Art und Weise und zu dem zuvor benannten Zweck einverstanden.<\/p>\n<p>Die IP-Anonymisierung gilt auch f\u00fcr alle Mitgliedsstaaten der Europ\u00e4ischen Union oder andere Mitgliedsstaaten des Europ\u00e4ischen Wirtschaftsraumes. Weitere Informationen \u00fcber die IP-Anonymisierung und die Verwendung der Daten durch Google finden Sie unter <a href=\"https:\/\/support.google.com\/analytics\/answer\/2763052?hl\">https:\/\/support.google.com\/analytics\/answer\/2763052?hl<\/a>.\u00a0 Wenn Sie selbst entscheiden m\u00f6chten, welche Daten Google \u00fcber die von Ihnen besuchte Website erfassen darf, k\u00f6nnen Sie ein Deaktivierungs-Add-on f\u00fcr Ihren Internet-Browser herunterladen. Ein solches Add-on verhindert jedoch nicht, dass Daten an uns oder andere von uns genutzte Webanalysedienste \u00fcbermittelt werden. Weitere Informationen zur Verwendung und Installation des Add-ons finden Sie unter <a href=\"https:\/\/tools.google.com\/dlpage\/gaoptout?hl=de\">https:\/\/tools.google.com\/dlpage\/gaoptout?hl=en<\/a>.<\/p>\n<p>Weitere Informationen zur Datennutzung zu Werbezwecken durch Google, Einstellungs- und Widerspruchsm\u00f6glichkeiten erfahren Sie auf den Webseiten von Google: https:\/\/www.google.com\/intl\/de\/policies\/privacy\/partners\/ (\u201eDatennutzung durch Google bei Ihrer Nutzung von Websites oder Apps unserer Partner\u201c), http:\/\/www.google.com\/policies\/technologies\/ads (\u201eDatennutzung zu Werbezwecken\u201c), http:\/\/www.google.de\/settings\/ads (\u201eInformationen verwalten, die Google verwendet, um Ihnen Werbung einzublenden\u201c) und http:\/\/www.google.com\/ads\/preferences\/ (\u201eBestimmen Sie, welche Werbung Google Ihnen zeigt\u201c).<\/p>\n<p>Alternativ zum Browser-Add-On oder innerhalb von Browsern auf mobilen Ger\u00e4ten klicken Sie bitte diesen Link, um die Erfassung durch Google Analytics innerhalb dieser Website zuk\u00fcnftig zu verhindern. Dabei wird ein Opt-Out-Cookie auf Ihrem Ger\u00e4t abgelegt. L\u00f6schen Sie Ihre Cookies, m\u00fcssen Sie diesen Link erneut anklicken.<\/p>\n<h4>Facebook<\/h4>\n<p>Unser Internetauftritt enth\u00e4lt Plugins des sozialen Netzwerkes \u201eFacebook\u201c, das zur Facebook (Meta) Inc., 1601 South California Avenue, Palo Alto, CA 94304, USA, geh\u00f6rt. Diese werden ausschlie\u00dflich von der Facebook (Meta) Inc. betrieben. Die Plug-Ins sind im Rahmen unseres Internetauftritts durch das Facebook-Logo oder den Zusatz \u201eGef\u00e4llt mir\u201c erkennbar. Beim Besuch einer Website unseres Internetauftritts, die ein derartiges Plug-in beinhaltet, stellt ihr Browser eine direkte Verbindung mit den Servern von Facebook her, wodurch der Inhalt des Plug-ins an Ihren Browser \u00fcbermittelt und von diesem in die dargestellte Website eingebunden wird. Dadurch wird die Information, dass Sie unsere Website besucht haben, an Facebook weitergeleitet. Sofern Sie w\u00e4hrend des Besuchs unserer Website \u00fcber Ihr pers\u00f6nliches Benutzerkonto bei Facebook eingeloggt sind, kann Facebook den Websitebesuch diesem Konto zuordnen. Durch Interaktion mit Plug-ins, z.B. durch Anklicken des \u201eGef\u00e4llt mir\u201c-Buttons oder hinterlassen eines Kommentars, werden diese entsprechenden Informationen direkt an Facebook \u00fcbermittelt und dort gespeichert. Wenn Sie eine solche Daten\u00fcbermittlung unterbinden m\u00f6chten, m\u00fcssen Sie sich vor dem Besuch unseres Internetauftritts unter Ihrem Facebook-Account ausloggen. Zweck und Umfang der Datenerhebung durch Facebook sowie die dortige weitere Verarbeitung und Nutzung Ihrer Daten wie auch Ihre diesbez\u00fcglichen Rechte und Einstellungen zum Schutz Ihrer Privatssph\u00e4re entnehmen Sie bitte den Datenschutzhinweisen von Facebook (<a href=\"https:\/\/de-de.facebook.com\/privacy\/policy\/?entry_point=data_policy_redirect&amp;entry=0\" target=\"_blank\" rel=\"noopener\">https:\/\/de-de.facebook.com\/privacy\/policy\/?entry_point=data_policy_redirect&amp;entry=0<\/a>).<\/p>\n<p>Wir als Websitebetreiber haben keinen Einfluss darauf, ob und in welchem Umfang das Plugin Daten an Facebook \u00fcbermittelt. Nach Angaben von Facebook handelt es sich dabei um Daten \u00fcber Ihren Besuch auf unserer Seite (z.B. IP-Adresse, Datum und Uhrzeit). Sobald Sie jedoch eines der Plug-ins anklicken, werden weitere Daten \u00fcbermittelt, die Sie direkt mit Ihrem Facebook-Konto in Verbindung bringen k\u00f6nnen (sofern Sie ein solches haben und dort eingeloggt sind). Facebook verarbeitet diese Daten, um Ihnen ein personalisiertes Nutzererlebnis auf unserer Website zu bieten und um seine Produkte zu verbessern. F\u00fcr weitere Informationen besuchen Sie bitte <a href=\"https:\/\/www.facebook.com\/help\/\" target=\"_blank\" rel=\"noopener\">https:\/\/www.facebook.com\/help\/<\/a>.<\/p>\n<p>N\u00e4here Informationen zum Aussehen und zu den Funktionen der Plugins finden Sie unter <a href=\"https:\/\/developers.facebook.com\/docs\/plugins\" target=\"_blank\" rel=\"noopener\">https:\/\/developers.facebook.com\/docs\/plugins<\/a>.<\/p>\n<h4>LinkedIn<\/h4>\n<p>Auf dieser Website sind Plug-ins des sozialen Netzwerks LinkedIn der LinkedIn Corporation, 2029 Stierlin Court, Mountain View, CA 94043, USA, integriert. Alle Informationen \u00fcber das Aussehen des LinkedIn-Plug-ins finden Sie unter folgendem Link: <a href=\"https:\/\/developer.linkedin.com\/plugins\">https:\/\/developer.linkedin.com\/plugins<\/a>. LinkedIn protokolliert die Daten von dem Moment an, in dem Sie unsere Seite besuchen, und stellt eine Verbindung zwischen Ihrem Browser und den Servern von LinkedIn her. Wir als Websitebetreiber haben keinen Einfluss darauf, ob und in welchem Umfang das Plug-in Daten an LinkedIn \u00fcbermittelt. Nach Angaben von LinkedIn werden Ihre Logins, Cookies, Ger\u00e4teinformationen und IP-Adressen verwendet, um Sie zu identifizieren und Ihre Nutzung zu verfolgen. Sobald Sie jedoch eines der Plug-ins anklicken, werden weitere Daten \u00fcbermittelt, die Sie direkt mit Ihrem LinkedIn-Konto in Verbindung bringen (sofern Sie ein solches Konto haben und dort eingeloggt sind). Weitere Informationen finden Sie in der Datenschutzrichtlinie von LinkedIn unter: <a href=\"https:\/\/www.linkedin.com\/legal\/privacy-policy\">https:\/\/www.linkedin.com\/legal\/privacy-policy<\/a>.<\/p>\n<h4>Microsoft\/Bing<\/h4>\n<p><a href=\"https:\/\/privacy.microsoft.com\/de-de\/privacystatement\" target=\"_blank\" rel=\"noopener\">https:\/\/privacy.microsoft.com\/de-de\/privacystatement<\/a><\/p>\n<h4>Yandex<\/h4>\n<p><a href=\"https:\/\/yandex.com\/company\/privacy\" target=\"_blank\" rel=\"noopener\">https:\/\/yandex.com\/company\/privacy<\/a><\/p>\n<h4>WhatsApp<\/h4>\n<p><a href=\"https:\/\/www.whatsapp.com\/legal\/?lang=de\" target=\"_blank\" rel=\"noopener\">https:\/\/www.whatsapp.com\/legal\/?lang=de<\/a><\/p>\n<h4>Askimet<\/h4>\n<p>Wir sammeln Informationen \u00fcber Besucher, die Kommentare auf Websites, die unseren Akismet Anti-Spam Service benutzen, hinterlassen. Das Ausma\u00df an Informationen, die wir sammeln, h\u00e4ngt davon ab, wie der Benutzer seine Website eingestellt hat. Normalerweise beinhalten diese Daten die IP-Adresse des Benutzers, den User Agent, Referrer und Website-URL (sowie die Informationen, die der Benutzer direkt eingegeben hat wie z.B. Namen, Benutzernamen, E-Mail-Adresse und den Kommentar selbst).<\/p>\n<h4>Photo Gallery<\/h4>\n<p>Photo Gallery speichert Ihre pers\u00f6nlichen Daten nicht.<\/p>\n","protected":false},"excerpt":{"rendered":"<p>Datenschutzrichtlinie Wenn Sie die Datenschutzhinweise mit &#8222;NEIN\/NO&#8220; beantwortet haben, die Seite dennoch nutzen, erkl\u00e4ren Sie sich mit den Datenschutzrichtlinien einverstanden und stimmen der Verwendung der f\u00fcr die Funktion der Webseite notwendigen Cookies zu. Um die&hellip;<\/p>\n","protected":false},"author":1,"featured_media":0,"parent":0,"menu_order":0,"comment_status":"closed","ping_status":"open","template":"","meta":{"footnotes":""},"class_list":["post-3","page","type-page","status-publish","hentry"],"aioseo_notices":[],"jetpack_sharing_enabled":true,"jetpack_likes_enabled":true,"_links":{"self":[{"href":"https:\/\/www.philodex.com\/shop\/wp-json\/wp\/v2\/pages\/3","targetHints":{"allow":["GET"]}}],"collection":[{"href":"https:\/\/www.philodex.com\/shop\/wp-json\/wp\/v2\/pages"}],"about":[{"href":"https:\/\/www.philodex.com\/shop\/wp-json\/wp\/v2\/types\/page"}],"author":[{"embeddable":true,"href":"https:\/\/www.philodex.com\/shop\/wp-json\/wp\/v2\/users\/1"}],"replies":[{"embeddable":true,"href":"https:\/\/www.philodex.com\/shop\/wp-json\/wp\/v2\/comments?post=3"}],"version-history":[{"count":0,"href":"https:\/\/www.philodex.com\/shop\/wp-json\/wp\/v2\/pages\/3\/revisions"}],"wp:attachment":[{"href":"https:\/\/www.philodex.com\/shop\/wp-json\/wp\/v2\/media?parent=3"}],"curies":[{"name":"wp","href":"https:\/\/api.w.org\/{rel}","templated":true}]}}