{"id":11432,"date":"2025-10-16T11:48:42","date_gmt":"2025-10-16T09:48:42","guid":{"rendered":"https:\/\/www.philodex.com\/shop\/?post_type=product&#038;p=11432"},"modified":"2026-03-29T16:21:54","modified_gmt":"2026-03-29T14:21:54","slug":"vorwort","status":"publish","type":"product","link":"https:\/\/www.philodex.com\/shop\/produkt\/vorwort\/","title":{"rendered":"Vorwort"},"content":{"rendered":"<h3>PX-eBook<\/h3>\n<h4 class=\"KonzeptTextFett\"><span lang=\"EN-GB\">Philosophy &amp; Dexterity \u2013 Food &amp; Beverage<\/span><\/h4>\n<p><span class=\"HwtZe\" lang=\"de\"><span class=\"jCAhz ChMk0b\"><span class=\"ryNqvb\">Vorwort und Einleitung zu den PX-eBooks. Sie enthalten Leitf\u00e4den f\u00fcr Gastronomen aller Art, f\u00fcr Ihr Restaurant, Brauhaus, Wirtshaus, Gasthaus, Hotel, Bar, Caf\u00e9, Kaffeehaus, Pub, Bistro, etc.<\/span><\/span><\/span><\/p>\n<p><span class=\"HwtZe\" lang=\"de\"><span class=\"jCAhz ChMk0b\"><span class=\"ryNqvb\">PX-eBooks sind umfassende Leitf\u00e4den f\u00fcr das Erreichen herausragender Leistungen in der Gastronomie, die Sie von Grund auf bis zur Spitze begleiten.<\/span><\/span><span class=\"jCAhz ChMk0b\"><span class=\"ryNqvb\"> Werfen Sie einen Blick in mein gastronomisches ELYSIUM und genie\u00dfen Sie himmlische Speisen und prickelnde Getr\u00e4nke.<\/span><\/span><\/span><\/p>\n<p>&nbsp;<\/p>\n<p><strong>Dateiformat<\/strong><br \/>\n.pdf<\/p>\n<p><strong>Dateigr\u00f6\u00dfe<\/strong><br \/>\n0,6 MB<\/p>\n<p><strong>Seitenumfang<\/strong><br \/>\nSeitenzahl: 7<\/p>\n<p><strong>Kompatibilit\u00e4t<\/strong><br \/>\nAlle PCs, Tablets, Mobiltelefone und Ger\u00e4te die PDF-Formate lesen k\u00f6nnen<\/p>\n<p><strong>Kopierschutz<\/strong><br \/>\nohne<\/p>\n<p><strong>Erscheinungsdatum<\/strong><br \/>\nJ\u00e4nner 2026<\/p>\n","protected":false},"excerpt":{"rendered":"<h4>PX-eBook<\/h4>\n<h4 class=\"KonzeptTextFett\"><span lang=\"EN-GB\">Philosophy &amp; Dexterity \u2013 Food &amp; Beverage<\/span><\/h4>\n<p>Vorwort zu den PX-eBooks und \u00fcber den Autor<\/p>\n","protected":false},"featured_media":12447,"comment_status":"open","ping_status":"closed","template":"","meta":[],"product_brand":[],"product_cat":[105,120,121,211,147,195,110,148],"product_tag":[],"class_list":{"0":"post-11432","1":"product","2":"type-product","3":"status-publish","4":"has-post-thumbnail","6":"product_cat-allgemeines","7":"product_cat-bar","8":"product_cat-finanzen","9":"product_cat-gratis","10":"product_cat-kueche","11":"product_cat-management","12":"product_cat-operatives","13":"product_cat-service","14":"pa_sprache-deutsch","15":"pa_sprache-englisch","17":"first","18":"instock","19":"featured","20":"taxable","21":"shipping-taxable","22":"purchasable","23":"product-type-variable"},"aioseo_notices":[],"jetpack_sharing_enabled":true,"jetpack_likes_enabled":true,"_links":{"self":[{"href":"https:\/\/www.philodex.com\/shop\/wp-json\/wp\/v2\/product\/11432","targetHints":{"allow":["GET"]}}],"collection":[{"href":"https:\/\/www.philodex.com\/shop\/wp-json\/wp\/v2\/product"}],"about":[{"href":"https:\/\/www.philodex.com\/shop\/wp-json\/wp\/v2\/types\/product"}],"replies":[{"embeddable":true,"href":"https:\/\/www.philodex.com\/shop\/wp-json\/wp\/v2\/comments?post=11432"}],"version-history":[{"count":2,"href":"https:\/\/www.philodex.com\/shop\/wp-json\/wp\/v2\/product\/11432\/revisions"}],"predecessor-version":[{"id":12353,"href":"https:\/\/www.philodex.com\/shop\/wp-json\/wp\/v2\/product\/11432\/revisions\/12353"}],"wp:featuredmedia":[{"embeddable":true,"href":"https:\/\/www.philodex.com\/shop\/wp-json\/wp\/v2\/media\/12447"}],"wp:attachment":[{"href":"https:\/\/www.philodex.com\/shop\/wp-json\/wp\/v2\/media?parent=11432"}],"wp:term":[{"taxonomy":"product_brand","embeddable":true,"href":"https:\/\/www.philodex.com\/shop\/wp-json\/wp\/v2\/product_brand?post=11432"},{"taxonomy":"product_cat","embeddable":true,"href":"https:\/\/www.philodex.com\/shop\/wp-json\/wp\/v2\/product_cat?post=11432"},{"taxonomy":"product_tag","embeddable":true,"href":"https:\/\/www.philodex.com\/shop\/wp-json\/wp\/v2\/product_tag?post=11432"}],"curies":[{"name":"wp","href":"https:\/\/api.w.org\/{rel}","templated":true}]}}