{"id":11689,"date":"2025-10-24T09:54:39","date_gmt":"2025-10-24T07:54:39","guid":{"rendered":"https:\/\/www.philodex.com\/shop\/?post_type=product&#038;p=11689"},"modified":"2025-10-25T10:39:52","modified_gmt":"2025-10-25T08:39:52","slug":"die-speisekarte-essentielles","status":"publish","type":"product","link":"https:\/\/www.philodex.com\/shop\/produkt\/die-speisekarte-essentielles\/","title":{"rendered":"Die Speisekarte \u2013 Essentielles"},"content":{"rendered":"<h6>PX eBook: Die Speisekarte \u2013 Essentielles<\/h6>\n<p>Die Speisekarte ist zweifellos der zentrale Ber\u00fchrungspunkt eines gastronomischen Betriebs. Es ist weit mehr als eine Liste von Speisen \u2013 es ist Ausdruck Ihrer Identit\u00e4t, Ihres Konzepts und Ihrer Qualit\u00e4t. Deshalb lohnt es sich, Ressourcen, Zeit und Geld in die sorgf\u00e4ltige Zusammenstellung, Gestaltung und strategische Planung Ihrer Speise- und Getr\u00e4nkekarten zu investieren.<\/p>\n","protected":false},"excerpt":{"rendered":"<h5>Die Speisekarte ist der zentrale Punkt eines Restaurants.<\/h5>\n","protected":false},"featured_media":0,"comment_status":"open","ping_status":"closed","template":"","meta":[],"product_brand":[],"product_cat":[110],"product_tag":[],"class_list":{"0":"post-11689","1":"product","2":"type-product","3":"status-publish","5":"product_cat-operatives","6":"pa_sprache-deutsch","7":"pa_sprache-englisch","9":"first","10":"instock","11":"taxable","12":"shipping-taxable","13":"purchasable","14":"product-type-variable"},"aioseo_notices":[],"jetpack_sharing_enabled":true,"jetpack_likes_enabled":true,"_links":{"self":[{"href":"https:\/\/www.philodex.com\/shop\/wp-json\/wp\/v2\/product\/11689","targetHints":{"allow":["GET"]}}],"collection":[{"href":"https:\/\/www.philodex.com\/shop\/wp-json\/wp\/v2\/product"}],"about":[{"href":"https:\/\/www.philodex.com\/shop\/wp-json\/wp\/v2\/types\/product"}],"replies":[{"embeddable":true,"href":"https:\/\/www.philodex.com\/shop\/wp-json\/wp\/v2\/comments?post=11689"}],"version-history":[{"count":0,"href":"https:\/\/www.philodex.com\/shop\/wp-json\/wp\/v2\/product\/11689\/revisions"}],"wp:attachment":[{"href":"https:\/\/www.philodex.com\/shop\/wp-json\/wp\/v2\/media?parent=11689"}],"wp:term":[{"taxonomy":"product_brand","embeddable":true,"href":"https:\/\/www.philodex.com\/shop\/wp-json\/wp\/v2\/product_brand?post=11689"},{"taxonomy":"product_cat","embeddable":true,"href":"https:\/\/www.philodex.com\/shop\/wp-json\/wp\/v2\/product_cat?post=11689"},{"taxonomy":"product_tag","embeddable":true,"href":"https:\/\/www.philodex.com\/shop\/wp-json\/wp\/v2\/product_tag?post=11689"}],"curies":[{"name":"wp","href":"https:\/\/api.w.org\/{rel}","templated":true}]}}