{"id":11723,"date":"2025-10-24T11:15:25","date_gmt":"2025-10-24T09:15:25","guid":{"rendered":"https:\/\/www.philodex.com\/shop\/?post_type=product&#038;p=11723"},"modified":"2025-10-25T12:49:44","modified_gmt":"2025-10-25T10:49:44","slug":"die-getraenkekarte","status":"publish","type":"product","link":"https:\/\/www.philodex.com\/shop\/produkt\/die-getraenkekarte\/","title":{"rendered":"Die Getr\u00e4nkekarte"},"content":{"rendered":"<h4>PX eBook: Die Getr\u00e4nkekarte<\/h4>\n<p>Die Getr\u00e4nkekarte ist wie die Speisekarte ein wertvolles Werkzeug um Ihre Ums\u00e4tze zu forcieren ist ein weiterer wichtiger Ber\u00fchrungspunkt eines gastronomischen Betriebs. Es ist weit mehr als eine Liste von Getr\u00e4nken \u2013 es ist Ausdruck Ihrer Identit\u00e4t, Ihres Konzepts und Ihrer Qualit\u00e4t. Deshalb lohnt es sich, Ressourcen, Zeit und Geld in die sorgf\u00e4ltige Zusammenstellung, Gestaltung und strategische Planung Ihrer Speise- und Getr\u00e4nkekarten zu investieren.<\/p>\n","protected":false},"excerpt":{"rendered":"<h4>Die Getr\u00e4nkekarten und wie Sie sie richtig nutzen<\/h4>\n","protected":false},"featured_media":0,"comment_status":"closed","ping_status":"closed","template":"","meta":[],"product_brand":[],"product_cat":[110],"product_tag":[],"class_list":{"0":"post-11723","1":"product","2":"type-product","3":"status-publish","5":"product_cat-operatives","6":"pa_sprache-deutsch","7":"pa_sprache-englisch","9":"first","10":"instock","11":"sold-individually","12":"taxable","13":"shipping-taxable","14":"purchasable","15":"product-type-variable"},"aioseo_notices":[],"jetpack_sharing_enabled":true,"jetpack_likes_enabled":true,"_links":{"self":[{"href":"https:\/\/www.philodex.com\/shop\/wp-json\/wp\/v2\/product\/11723","targetHints":{"allow":["GET"]}}],"collection":[{"href":"https:\/\/www.philodex.com\/shop\/wp-json\/wp\/v2\/product"}],"about":[{"href":"https:\/\/www.philodex.com\/shop\/wp-json\/wp\/v2\/types\/product"}],"replies":[{"embeddable":true,"href":"https:\/\/www.philodex.com\/shop\/wp-json\/wp\/v2\/comments?post=11723"}],"version-history":[{"count":0,"href":"https:\/\/www.philodex.com\/shop\/wp-json\/wp\/v2\/product\/11723\/revisions"}],"wp:attachment":[{"href":"https:\/\/www.philodex.com\/shop\/wp-json\/wp\/v2\/media?parent=11723"}],"wp:term":[{"taxonomy":"product_brand","embeddable":true,"href":"https:\/\/www.philodex.com\/shop\/wp-json\/wp\/v2\/product_brand?post=11723"},{"taxonomy":"product_cat","embeddable":true,"href":"https:\/\/www.philodex.com\/shop\/wp-json\/wp\/v2\/product_cat?post=11723"},{"taxonomy":"product_tag","embeddable":true,"href":"https:\/\/www.philodex.com\/shop\/wp-json\/wp\/v2\/product_tag?post=11723"}],"curies":[{"name":"wp","href":"https:\/\/api.w.org\/{rel}","templated":true}]}}