{"id":11784,"date":"2025-10-25T12:40:25","date_gmt":"2025-10-25T10:40:25","guid":{"rendered":"https:\/\/www.philodex.com\/shop\/?post_type=product&#038;p=11784"},"modified":"2026-02-20T11:18:38","modified_gmt":"2026-02-20T10:18:38","slug":"job-profile-boh","status":"publish","type":"product","link":"https:\/\/www.philodex.com\/shop\/produkt\/job-profile-boh\/","title":{"rendered":"Job Profile \u2013 BOH"},"content":{"rendered":"<h4>PX eBook: Job Profile \u2013 BOH<\/h4>\n<p>Hinter den Kulissen wird geschnippelt, gebraten, geschwitzt \u2013 und gezaubert. BOH-Positionen sind das R\u00fcckgrat jeder K\u00fcche: pr\u00e4zise, belastbar und oft mit einem feinen Sinn f\u00fcr Timing (und trockene Sch\u00fcrzen). Dieses Kapitel stellt die stillen Helden am Herd vor, von der Sp\u00fclkraft bis zum Sous-Chef \u2013 sachlich, aber mit einem Hauch Respekt und einer Prise Humor.<\/p>\n","protected":false},"excerpt":{"rendered":"<h4>Kurzbeschreibungen von Positionen f\u00fcr BOH<\/h4>\n","protected":false},"featured_media":0,"comment_status":"open","ping_status":"closed","template":"","meta":[],"product_brand":[],"product_cat":[147],"product_tag":[],"class_list":{"0":"post-11784","1":"product","2":"type-product","3":"status-publish","5":"product_cat-kueche","6":"pa_sprache-deutsch","7":"pa_sprache-englisch","9":"first","10":"instock","11":"sale","12":"featured","13":"taxable","14":"shipping-taxable","15":"purchasable","16":"product-type-variable"},"aioseo_notices":[],"jetpack_sharing_enabled":true,"jetpack_likes_enabled":true,"_links":{"self":[{"href":"https:\/\/www.philodex.com\/shop\/wp-json\/wp\/v2\/product\/11784","targetHints":{"allow":["GET"]}}],"collection":[{"href":"https:\/\/www.philodex.com\/shop\/wp-json\/wp\/v2\/product"}],"about":[{"href":"https:\/\/www.philodex.com\/shop\/wp-json\/wp\/v2\/types\/product"}],"replies":[{"embeddable":true,"href":"https:\/\/www.philodex.com\/shop\/wp-json\/wp\/v2\/comments?post=11784"}],"version-history":[{"count":0,"href":"https:\/\/www.philodex.com\/shop\/wp-json\/wp\/v2\/product\/11784\/revisions"}],"wp:attachment":[{"href":"https:\/\/www.philodex.com\/shop\/wp-json\/wp\/v2\/media?parent=11784"}],"wp:term":[{"taxonomy":"product_brand","embeddable":true,"href":"https:\/\/www.philodex.com\/shop\/wp-json\/wp\/v2\/product_brand?post=11784"},{"taxonomy":"product_cat","embeddable":true,"href":"https:\/\/www.philodex.com\/shop\/wp-json\/wp\/v2\/product_cat?post=11784"},{"taxonomy":"product_tag","embeddable":true,"href":"https:\/\/www.philodex.com\/shop\/wp-json\/wp\/v2\/product_tag?post=11784"}],"curies":[{"name":"wp","href":"https:\/\/api.w.org\/{rel}","templated":true}]}}