{"id":11793,"date":"2025-10-25T12:53:45","date_gmt":"2025-10-25T10:53:45","guid":{"rendered":"https:\/\/www.philodex.com\/shop\/?post_type=product&#038;p=11793"},"modified":"2026-02-20T11:20:51","modified_gmt":"2026-02-20T10:20:51","slug":"job-profile-management","status":"publish","type":"product","link":"https:\/\/www.philodex.com\/shop\/produkt\/job-profile-management\/","title":{"rendered":"Job Profile \u2013 Management"},"content":{"rendered":"<h4>PX eBook: Job Profile \u2013 Management<\/h4>\n<p>F\u00fchren, f\u00f6rdern, feuern \u2013 das Management balanciert zwischen Zahlen, Menschen und Wahnsinn. Ob Betriebsleitung, K\u00fcchenchef oder Restaurantmanagerin: Wer hier Verantwortung tr\u00e4gt, braucht \u00dcberblick, Nerven wie Drahtseile und gelegentlich einen Espresso intraven\u00f6s. Dieses Kapitel beleuchtet die F\u00fchrungsrollen im Restaurant \u2013 mit klarem Blick, strukturiertem Ansatz und einem L\u00e4cheln, das auch montags h\u00e4lt.<\/p>\n","protected":false},"excerpt":{"rendered":"<h4>Kurzbeschreibungen von Positionen f\u00fcr Management<\/h4>\n","protected":false},"featured_media":0,"comment_status":"open","ping_status":"closed","template":"","meta":[],"product_brand":[],"product_cat":[195],"product_tag":[],"class_list":{"0":"post-11793","1":"product","2":"type-product","3":"status-publish","5":"product_cat-management","6":"pa_sprache-deutsch","7":"pa_sprache-englisch","9":"first","10":"instock","11":"sale","12":"featured","13":"taxable","14":"shipping-taxable","15":"purchasable","16":"product-type-variable"},"aioseo_notices":[],"jetpack_sharing_enabled":true,"jetpack_likes_enabled":true,"_links":{"self":[{"href":"https:\/\/www.philodex.com\/shop\/wp-json\/wp\/v2\/product\/11793","targetHints":{"allow":["GET"]}}],"collection":[{"href":"https:\/\/www.philodex.com\/shop\/wp-json\/wp\/v2\/product"}],"about":[{"href":"https:\/\/www.philodex.com\/shop\/wp-json\/wp\/v2\/types\/product"}],"replies":[{"embeddable":true,"href":"https:\/\/www.philodex.com\/shop\/wp-json\/wp\/v2\/comments?post=11793"}],"version-history":[{"count":0,"href":"https:\/\/www.philodex.com\/shop\/wp-json\/wp\/v2\/product\/11793\/revisions"}],"wp:attachment":[{"href":"https:\/\/www.philodex.com\/shop\/wp-json\/wp\/v2\/media?parent=11793"}],"wp:term":[{"taxonomy":"product_brand","embeddable":true,"href":"https:\/\/www.philodex.com\/shop\/wp-json\/wp\/v2\/product_brand?post=11793"},{"taxonomy":"product_cat","embeddable":true,"href":"https:\/\/www.philodex.com\/shop\/wp-json\/wp\/v2\/product_cat?post=11793"},{"taxonomy":"product_tag","embeddable":true,"href":"https:\/\/www.philodex.com\/shop\/wp-json\/wp\/v2\/product_tag?post=11793"}],"curies":[{"name":"wp","href":"https:\/\/api.w.org\/{rel}","templated":true}]}}